{"id":703,"date":"2025-01-27T14:47:54","date_gmt":"2025-01-27T14:47:54","guid":{"rendered":"https:\/\/mouvementenvie.fr\/?page_id=703"},"modified":"2025-04-10T18:27:32","modified_gmt":"2025-04-10T16:27:32","slug":"cours-et-ateliers","status":"publish","type":"page","link":"https:\/\/mouvementenvie.fr\/en\/cours-et-ateliers\/","title":{"rendered":"Cours et Ateliers"},"content":{"rendered":"<div data-elementor-type=\"wp-page\" data-elementor-id=\"703\" class=\"elementor elementor-703\">\n\t\t\t\t<div class=\"elementor-element elementor-element-ea0818a e-con-full e-flex e-con e-parent\" data-id=\"ea0818a\" data-element_type=\"container\" data-e-type=\"container\" data-settings=\"{&quot;background_background&quot;:&quot;classic&quot;}\">\n\t\t<div class=\"elementor-element elementor-element-fc97972 e-con-full e-flex e-con e-child\" data-id=\"fc97972\" data-element_type=\"container\" data-e-type=\"container\">\n\t\t\t\t<div class=\"elementor-element elementor-element-fb56baf animated-slow elementor-widget__width-initial elementor-invisible elementor-widget elementor-widget-heading\" data-id=\"fb56baf\" data-element_type=\"widget\" data-e-type=\"widget\" data-settings=\"{&quot;_animation&quot;:&quot;fadeIn&quot;}\" data-widget_type=\"heading.default\">\n\t\t\t\t<div class=\"elementor-widget-container\">\n\t\t\t\t\t<h1 class=\"elementor-heading-title elementor-size-default\">Courses and workshops<\/h1>\t\t\t\t<\/div>\n\t\t\t\t<\/div>\n\t\t\t\t<div class=\"elementor-element elementor-element-b6c8180 elementor-widget-divider--view-line elementor-widget elementor-widget-divider\" data-id=\"b6c8180\" data-element_type=\"widget\" data-e-type=\"widget\" data-widget_type=\"divider.default\">\n\t\t\t\t<div class=\"elementor-widget-container\">\n\t\t\t\t\t\t\t<div class=\"elementor-divider\">\n\t\t\t<span class=\"elementor-divider-separator\">\n\t\t\t\t\t\t<\/span>\n\t\t<\/div>\n\t\t\t\t\t\t<\/div>\n\t\t\t\t<\/div>\n\t\t\t\t<div class=\"elementor-element elementor-element-6e46dde elementor-widget-tablet__width-initial elementor-widget__width-initial elementor-invisible elementor-widget elementor-widget-text-editor\" data-id=\"6e46dde\" data-element_type=\"widget\" data-e-type=\"widget\" data-settings=\"{&quot;_animation&quot;:&quot;fadeInUp&quot;}\" data-widget_type=\"text-editor.default\">\n\t\t\t\t<div class=\"elementor-widget-container\">\n\t\t\t\t\t\t\t\t\t<p>Learn, explore and develop your skills in my courses and workshops.<\/p>\t\t\t\t\t\t\t\t<\/div>\n\t\t\t\t<\/div>\n\t\t\t\t<\/div>\n\t\t<div class=\"elementor-element elementor-element-5d733c2 e-con-full e-flex e-con e-child\" data-id=\"5d733c2\" data-element_type=\"container\" data-e-type=\"container\" data-settings=\"{&quot;background_background&quot;:&quot;classic&quot;}\">\n\t\t\t\t<\/div>\n\t\t\t\t<\/div>\n\t\t<div class=\"elementor-element elementor-element-968b1cf e-flex e-con-boxed e-con e-parent\" data-id=\"968b1cf\" data-element_type=\"container\" data-e-type=\"container\" data-settings=\"{&quot;background_background&quot;:&quot;classic&quot;}\">\n\t\t\t\t\t<div class=\"e-con-inner\">\n\t\t\t\t<div class=\"elementor-element elementor-element-4bc3dba elementor-widget elementor-widget-eventprimeelementorsingleeventtype\" data-id=\"4bc3dba\" data-element_type=\"widget\" data-e-type=\"widget\" data-widget_type=\"eventprimeelementorsingleeventtype.default\">\n\t\t\t\t<div class=\"elementor-widget-container\">\n\t\t\t\t\t<div class=\"emagic\">\r\n<div class=\"ep-single-frontend-view-container ep-mb-5\" id=\"ep_single_frontend_view_container\">\r\n            <div class=\"ep-view-container\">\r\n\r\n                \r\n                <!-- box wrapper -->\r\n                <div class=\"ep-box-wrap ep-details-info-wrap\">\r\n                    <div class=\"ep-box-row\">\r\n                        <div class=\"ep-box-col-2 ep-event-type-img-section\">\r\n                            <div class=\"ep-single-box-thumb\">\r\n                                <div class=\"ep-single-figure-box\">\r\n                                    <img decoding=\"async\" src=\"https:\/\/mouvementenvie.fr\/wp-content\/uploads\/2025\/01\/3.png\" alt=\"Danse\"  class=\"ep-no-image\"\/>\r\n                                <\/div>\r\n                            <\/div>\r\n                        <\/div>\r\n                        <div class=\"ep-box-col-10 ep-event-type-details-section\">\r\n                            <div class=\"ep-single-box-info\">\r\n                                <div class=\"ep-single-box-content\">\r\n                                    <div class=\"ep-single-box-title-info\">\r\n                                        <div class=\"ep-single-box-title ep-organizer-name ep-fs-3 ep-fw-bold\" title=\"Dance\">\r\n                                            Dance                                        <\/div>\r\n                                        <div class=\"ep-single-age-group ep-pb-2\">Age Group: All                                        <\/div>\r\n                                    <\/div>\r\n\r\n                                    <div class=\"ep-single-box-summery ep-single-box-desc\">\r\n                                        No description available                                    <\/div>\r\n                                <\/div>\r\n                            <\/div>\r\n                        <\/div>\r\n                        \r\n                    <\/div>\r\n                <\/div>\r\n\r\n                                                <div class=\"ep-box-col-12 event-rows-view\">\r\n                    <div class=\"ep-row-heading ep-text-center ep-my-4\">\r\n                        <div class=\"ep-upcoming-title ep-fw-bold ep-fs-5 ep-mt-5 ep-d-flex ep-justify-content-center\">\r\n                            Upcoming events                            <span class=\"em_events_count-wrap em_bg\"><\/span>\r\n                        <\/div>\r\n                    <\/div>\r\n                    <div id=\"ep-upcoming-events\" class=\"em_content_area ep-upcoming-events\">\r\n                        <div class=\"event-details-upcoming-rows-view\">\r\n                                                    <div class=\"ep-alert ep-alert-warning ep-mt-3 ep-py-2\">\r\n                                No upcoming event found.                            <\/div>                                              <\/div>  \r\n                    <\/div>\r\n                <\/div>\r\n                            <\/div>\r\n        <\/div><\/div>\t\t\t\t<\/div>\n\t\t\t\t<\/div>\n\t\t\t\t\t<\/div>\n\t\t\t\t<\/div>\n\t\t<div class=\"elementor-element elementor-element-cbf2f8e e-con-full e-flex e-con e-parent\" data-id=\"cbf2f8e\" data-element_type=\"container\" data-e-type=\"container\">\n\t\t<div class=\"elementor-element elementor-element-acaa8f0 e-con-full e-flex e-con e-child\" data-id=\"acaa8f0\" data-element_type=\"container\" data-e-type=\"container\">\n\t\t\t\t<div class=\"elementor-element elementor-element-754ca09 animated-slow elementor-widget__width-initial elementor-invisible elementor-widget elementor-widget-heading\" data-id=\"754ca09\" data-element_type=\"widget\" data-e-type=\"widget\" data-settings=\"{&quot;_animation&quot;:&quot;slideInLeft&quot;}\" data-widget_type=\"heading.default\">\n\t\t\t\t<div class=\"elementor-widget-container\">\n\t\t\t\t\t<h1 class=\"elementor-heading-title elementor-size-default\">Contemporary Dance Classes<\/h1>\t\t\t\t<\/div>\n\t\t\t\t<\/div>\n\t\t\t\t<div class=\"elementor-element elementor-element-b1afe42 elementor-widget-tablet__width-initial elementor-widget__width-initial elementor-invisible elementor-widget elementor-widget-text-editor\" data-id=\"b1afe42\" data-element_type=\"widget\" data-e-type=\"widget\" data-settings=\"{&quot;_animation&quot;:&quot;fadeInUp&quot;}\" data-widget_type=\"text-editor.default\">\n\t\t\t\t<div class=\"elementor-widget-container\">\n\t\t\t\t\t\t\t\t\t<p><strong>Cours hebdomadaires au Centre Culturel de Vence<\/strong><\/p><p><span style=\"color: #008080;\"><strong>Tous les mardis de 20h30 \u00e0 21h45<\/strong><\/span><\/p>\t\t\t\t\t\t\t\t<\/div>\n\t\t\t\t<\/div>\n\t\t\t\t<\/div>\n\t\t<div class=\"elementor-element elementor-element-eb428e3 e-con-full e-flex e-con e-child\" data-id=\"eb428e3\" data-element_type=\"container\" data-e-type=\"container\" data-settings=\"{&quot;background_background&quot;:&quot;classic&quot;}\">\n\t\t\t\t<\/div>\n\t\t\t\t<\/div>\n\t\t<div class=\"elementor-element elementor-element-faa927e e-flex e-con-boxed e-con e-parent\" data-id=\"faa927e\" data-element_type=\"container\" data-e-type=\"container\">\n\t\t\t\t\t<div class=\"e-con-inner\">\n\t\t<div class=\"elementor-element elementor-element-527c759 e-con-full e-flex e-con e-child\" data-id=\"527c759\" data-element_type=\"container\" data-e-type=\"container\" data-settings=\"{&quot;background_background&quot;:&quot;classic&quot;}\">\n\t\t<div class=\"elementor-element elementor-element-6dc3510 e-con-full e-flex e-con e-child\" data-id=\"6dc3510\" data-element_type=\"container\" data-e-type=\"container\" data-settings=\"{&quot;background_background&quot;:&quot;classic&quot;}\">\n\t\t\t\t<\/div>\n\t\t<div class=\"elementor-element elementor-element-988a354 e-con-full e-flex e-con e-child\" data-id=\"988a354\" data-element_type=\"container\" data-e-type=\"container\">\n\t\t\t\t<div class=\"elementor-element elementor-element-2652e8b elementor-widget elementor-widget-heading\" data-id=\"2652e8b\" data-element_type=\"widget\" data-e-type=\"widget\" data-widget_type=\"heading.default\">\n\t\t\t\t<div class=\"elementor-widget-container\">\n\t\t\t\t\t<h2 class=\"elementor-heading-title elementor-size-default\">S\u00c9RIE \u00ab PLENITUDE DU MOUVEMENT \u00bb<\/h2>\t\t\t\t<\/div>\n\t\t\t\t<\/div>\n\t\t\t\t<div class=\"elementor-element elementor-element-97bc8bb elementor-widget elementor-widget-eael-advanced-data-table\" data-id=\"97bc8bb\" data-element_type=\"widget\" data-e-type=\"widget\" data-widget_type=\"eael-advanced-data-table.default\">\n\t\t\t\t<div class=\"elementor-widget-container\">\n\t\t\t\t\t<div class=\"ea-advanced-data-table-wrap\" data-id=\"97bc8bb\"><div class=\"ea-advanced-data-table-wrap-inner\">\n                <table class=\"ea-advanced-data-table ea-advanced-data-table-ninja ea-advanced-data-table-97bc8bb ea-advanced-data-table-sortable\" data-id=\"97bc8bb\"><thead><tr><th style=\"width:\">Format<\/th><th style=\"width:\">Description<\/th><\/tr><\/thead><tbody><tr><td>S\u00e9ances Hebdomadaires<\/td><td>En individuel ou en group<\/td><\/tr><tr><td>Workshops<\/td><td>En semaine ou le week-end.<\/td><\/tr><tr><td>Cours Intensifs<\/td><td>Immersion compl\u00e8te dans la pratique.<\/td><\/tr><tr><td>Ateliers de Danse Collaborative<\/td><td>Collaboration et \u00e9change entre danseurs.<\/td><\/tr><tr><td>\u00c9cole de Danse \/ Stage Intensif<\/td><td>Observation des cours, \u00e9changes avec les professeurs.<\/td><\/tr><\/tbody><\/table>\n            <\/div><\/div>\t\t\t\t<\/div>\n\t\t\t\t<\/div>\n\t\t\t\t<\/div>\n\t\t\t\t<\/div>\n\t\t<div class=\"elementor-element elementor-element-a12519f e-con-full e-flex e-con e-child\" data-id=\"a12519f\" data-element_type=\"container\" data-e-type=\"container\" data-settings=\"{&quot;background_background&quot;:&quot;classic&quot;}\">\n\t\t<div class=\"elementor-element elementor-element-401c324 e-con-full e-flex e-con e-child\" data-id=\"401c324\" data-element_type=\"container\" data-e-type=\"container\" data-settings=\"{&quot;background_background&quot;:&quot;classic&quot;}\">\n\t\t\t\t<\/div>\n\t\t<div class=\"elementor-element elementor-element-8a9b381 e-con-full e-flex e-con e-child\" data-id=\"8a9b381\" data-element_type=\"container\" data-e-type=\"container\">\n\t\t\t\t<div class=\"elementor-element elementor-element-8fd80b5 elementor-widget elementor-widget-heading\" data-id=\"8fd80b5\" data-element_type=\"widget\" data-e-type=\"widget\" data-widget_type=\"heading.default\">\n\t\t\t\t<div class=\"elementor-widget-container\">\n\t\t\t\t\t<h2 class=\"elementor-heading-title elementor-size-default\">Au P\u00f4le Sant\u00e9 PNSD - Format des Cours Individuels\n<\/h2>\t\t\t\t<\/div>\n\t\t\t\t<\/div>\n\t\t\t\t<div class=\"elementor-element elementor-element-529e077 elementor-widget elementor-widget-eael-advanced-data-table\" data-id=\"529e077\" data-element_type=\"widget\" data-e-type=\"widget\" data-widget_type=\"eael-advanced-data-table.default\">\n\t\t\t\t<div class=\"elementor-widget-container\">\n\t\t\t\t\t<div class=\"ea-advanced-data-table-wrap\" data-id=\"529e077\"><div class=\"ea-advanced-data-table-wrap-inner\">\n                <table class=\"ea-advanced-data-table ea-advanced-data-table-ninja ea-advanced-data-table-529e077 ea-advanced-data-table-sortable\" data-id=\"529e077\"><thead><tr><th style=\"width:\">S\u00e9ance<\/th><th style=\"width:\">D\u00e9tails<\/th><\/tr><\/thead><tbody><tr><td>S\u00e9rie de Cinq S\u00e9ances\t<\/td><td>Renouvelable selon besoin.<\/td><\/tr><tr><td>Dur\u00e9e\t<\/td><td>45 minutes ou 1 heure.<\/td><\/tr><tr><td>Fr\u00e9quence\t<\/td><td>Hebdomadaire.<\/td><\/tr><tr><td>Tarif\t45 min: <\/td><td>175\u20ac<\/td><\/tr><tr><td>Tarif\t1h: <\/td><td>200\u20ac<\/td><\/tr><tr><td>\u00c9valuation Initiale<\/td><td>\u00c9change sur vos objectifs et d\u00e9fis.<\/td><\/tr><tr><td>Cours de Suivi\t<\/td><td>Retour sur explorations personnelles.<\/td><\/tr><tr><td>Lib\u00e9ration par la Pens\u00e9e Focalis\u00e9e<\/td><td>Techniques verbales et toucher l\u00e9ger pour rel\u00e2cher les tensions.<\/td><\/tr><tr><td>Technique de Danse &amp; Exploration Pratique\t<\/td><td>Exemples d\u2019alignement, en-dehors, \u00e9quilibre et stabilit\u00e9.<\/td><\/tr><tr><td>Pratique de la Performance\t<\/td><td>Application des acquis sur chor\u00e9graphies.<\/td><\/tr><tr><td>Resources\t<\/td><td>Articles, vid\u00e9os et images \u00e0 explorer entre les s\u00e9ances.<\/td><\/tr><tr><td>Bilan\t<\/td><td>Discussion sur les progr\u00e8s et conseils pour la suite.<\/td><\/tr><\/tbody><\/table>\n            <\/div><\/div>\t\t\t\t<\/div>\n\t\t\t\t<\/div>\n\t\t\t\t<\/div>\n\t\t\t\t<\/div>\n\t\t<div class=\"elementor-element elementor-element-e067a86 e-con-full e-flex e-con e-child\" data-id=\"e067a86\" data-element_type=\"container\" data-e-type=\"container\" data-settings=\"{&quot;background_background&quot;:&quot;classic&quot;}\">\n\t\t<div class=\"elementor-element elementor-element-aa6dc7d e-con-full e-flex e-con e-child\" data-id=\"aa6dc7d\" data-element_type=\"container\" data-e-type=\"container\" data-settings=\"{&quot;background_background&quot;:&quot;classic&quot;}\">\n\t\t\t\t<\/div>\n\t\t<div class=\"elementor-element elementor-element-75bbbf1 e-con-full e-flex e-con e-child\" data-id=\"75bbbf1\" data-element_type=\"container\" data-e-type=\"container\">\n\t\t\t\t<div class=\"elementor-element elementor-element-b4b07e3 elementor-widget elementor-widget-heading\" data-id=\"b4b07e3\" data-element_type=\"widget\" data-e-type=\"widget\" data-widget_type=\"heading.default\">\n\t\t\t\t<div class=\"elementor-widget-container\">\n\t\t\t\t\t<h2 class=\"elementor-heading-title elementor-size-default\">Format des Cours en Groupe<\/h2>\t\t\t\t<\/div>\n\t\t\t\t<\/div>\n\t\t\t\t<div class=\"elementor-element elementor-element-3ba301d elementor-widget elementor-widget-eael-advanced-data-table\" data-id=\"3ba301d\" data-element_type=\"widget\" data-e-type=\"widget\" data-widget_type=\"eael-advanced-data-table.default\">\n\t\t\t\t<div class=\"elementor-widget-container\">\n\t\t\t\t\t<div class=\"ea-advanced-data-table-wrap\" data-id=\"3ba301d\"><div class=\"ea-advanced-data-table-wrap-inner\">\n                <table class=\"ea-advanced-data-table ea-advanced-data-table-ninja ea-advanced-data-table-3ba301d ea-advanced-data-table-sortable\" data-id=\"3ba301d\"><thead><tr><th style=\"width:\">S\u00e9ance<\/th><th style=\"width:\">D\u00e9tails<\/th><\/tr><\/thead><tbody><tr><td>Resources\t<\/td><td>Exploration de mat\u00e9riel entre les s\u00e9ances avec supports additionnels.<\/td><\/tr><tr><td>Pratique de la Performance\t<\/td><td>Application sur exercices ou chor\u00e9graphies.<\/td><\/tr><tr><td>Lib\u00e9ration par la Pens\u00e9e Focalis\u00e9e\t<\/td><td>Application sur soi avec guidance pour am\u00e9liorer la coordination.<\/td><\/tr><tr><td>Technique de Danse &amp; Exploration Pratique<\/td><td>\tExercices individuels et collectifs sur les bases techniques.<\/td><\/tr><tr><td>S\u00e9ances Suivantes<\/td><td>\tRetours, commentaires et questions des danseurs.<\/td><\/tr><tr><td>\u00c9valuation Initiale<\/td><td>D\u00e9finition des objectifs et d\u00e9fis personnels.<\/td><\/tr><tr><td>Tarif des S\u00e9ances de Groupe<\/td><td>140\u20ac (14\u20ac par personne).<\/td><\/tr><tr><td>Fr\u00e9quence\t<\/td><td>Hebdomadaire.<\/td><\/tr><tr><td>Dur\u00e9e\t<\/td><td>1h 30 par trimestre.<\/td><\/tr><tr><td>Nombre de Participants\t<\/td><td>10-15 danseurs.<\/td><\/tr><\/tbody><\/table>\n            <\/div><\/div>\t\t\t\t<\/div>\n\t\t\t\t<\/div>\n\t\t\t\t<\/div>\n\t\t\t\t<\/div>\n\t\t\t\t\t<\/div>\n\t\t\t\t<\/div>\n\t\t\t\t<\/div>","protected":false},"excerpt":{"rendered":"<p>Cours et ateliers Apprenez, explorez et d\u00e9veloppez vos comp\u00e9tences avec mes cours et ateliers. Danse Age Group: All No description [&hellip;]<\/p>\n","protected":false},"author":1,"featured_media":0,"parent":0,"menu_order":0,"comment_status":"closed","ping_status":"closed","template":"","meta":{"site-sidebar-layout":"no-sidebar","site-content-layout":"","ast-site-content-layout":"full-width-container","site-content-style":"default","site-sidebar-style":"default","ast-global-header-display":"","ast-banner-title-visibility":"","ast-main-header-display":"","ast-hfb-above-header-display":"","ast-hfb-below-header-display":"","ast-hfb-mobile-header-display":"","site-post-title":"disabled","ast-breadcrumbs-content":"","ast-featured-img":"disabled","footer-sml-layout":"","ast-disable-related-posts":"","theme-transparent-header-meta":"","adv-header-id-meta":"","stick-header-meta":"","header-above-stick-meta":"","header-main-stick-meta":"","header-below-stick-meta":"","astra-migrate-meta-layouts":"default","ast-page-background-enabled":"default","ast-page-background-meta":{"desktop":{"background-color":"var(--ast-global-color-5)","background-image":"","background-repeat":"repeat","background-position":"center center","background-size":"auto","background-attachment":"scroll","background-type":"","background-media":"","overlay-type":"","overlay-color":"","overlay-opacity":"","overlay-gradient":""},"tablet":{"background-color":"","background-image":"","background-repeat":"repeat","background-position":"center center","background-size":"auto","background-attachment":"scroll","background-type":"","background-media":"","overlay-type":"","overlay-color":"","overlay-opacity":"","overlay-gradient":""},"mobile":{"background-color":"","background-image":"","background-repeat":"repeat","background-position":"center center","background-size":"auto","background-attachment":"scroll","background-type":"","background-media":"","overlay-type":"","overlay-color":"","overlay-opacity":"","overlay-gradient":""}},"ast-content-background-meta":{"desktop":{"background-color":"var(--ast-global-color-4)","background-image":"","background-repeat":"repeat","background-position":"center center","background-size":"auto","background-attachment":"scroll","background-type":"","background-media":"","overlay-type":"","overlay-color":"","overlay-opacity":"","overlay-gradient":""},"tablet":{"background-color":"var(--ast-global-color-4)","background-image":"","background-repeat":"repeat","background-position":"center center","background-size":"auto","background-attachment":"scroll","background-type":"","background-media":"","overlay-type":"","overlay-color":"","overlay-opacity":"","overlay-gradient":""},"mobile":{"background-color":"var(--ast-global-color-4)","background-image":"","background-repeat":"repeat","background-position":"center center","background-size":"auto","background-attachment":"scroll","background-type":"","background-media":"","overlay-type":"","overlay-color":"","overlay-opacity":"","overlay-gradient":""}},"_joinchat":[],"footnotes":""},"class_list":["post-703","page","type-page","status-publish","hentry"],"_links":{"self":[{"href":"https:\/\/mouvementenvie.fr\/en\/wp-json\/wp\/v2\/pages\/703","targetHints":{"allow":["GET"]}}],"collection":[{"href":"https:\/\/mouvementenvie.fr\/en\/wp-json\/wp\/v2\/pages"}],"about":[{"href":"https:\/\/mouvementenvie.fr\/en\/wp-json\/wp\/v2\/types\/page"}],"author":[{"embeddable":true,"href":"https:\/\/mouvementenvie.fr\/en\/wp-json\/wp\/v2\/users\/1"}],"replies":[{"embeddable":true,"href":"https:\/\/mouvementenvie.fr\/en\/wp-json\/wp\/v2\/comments?post=703"}],"version-history":[{"count":64,"href":"https:\/\/mouvementenvie.fr\/en\/wp-json\/wp\/v2\/pages\/703\/revisions"}],"predecessor-version":[{"id":2582,"href":"https:\/\/mouvementenvie.fr\/en\/wp-json\/wp\/v2\/pages\/703\/revisions\/2582"}],"wp:attachment":[{"href":"https:\/\/mouvementenvie.fr\/en\/wp-json\/wp\/v2\/media?parent=703"}],"curies":[{"name":"wp","href":"https:\/\/api.w.org\/{rel}","templated":true}]}}