{"id":1858,"date":"2025-02-13T12:42:18","date_gmt":"2025-02-13T11:42:18","guid":{"rendered":"https:\/\/mouvementenvie.fr\/?page_id=1858"},"modified":"2025-02-13T12:52:46","modified_gmt":"2025-02-13T11:52:46","slug":"politique-de-confidentialite","status":"publish","type":"page","link":"https:\/\/mouvementenvie.fr\/en\/politique-de-confidentialite\/","title":{"rendered":"Privacy Policy"},"content":{"rendered":"<div data-elementor-type=\"wp-page\" data-elementor-id=\"1858\" class=\"elementor elementor-1858\">\n\t\t\t\t<div class=\"elementor-element elementor-element-2370dc2 e-flex e-con-boxed e-con e-parent\" data-id=\"2370dc2\" data-element_type=\"container\" data-e-type=\"container\">\n\t\t\t\t\t<div class=\"e-con-inner\">\n\t\t\t\t<div class=\"elementor-element elementor-element-711dc68 elementor-widget elementor-widget-heading\" data-id=\"711dc68\" data-element_type=\"widget\" data-e-type=\"widget\" data-widget_type=\"heading.default\">\n\t\t\t\t<div class=\"elementor-widget-container\">\n\t\t\t\t\t<h2 class=\"elementor-heading-title elementor-size-default\">Privacy Policy\n<\/h2>\t\t\t\t<\/div>\n\t\t\t\t<\/div>\n\t\t\t\t<div class=\"elementor-element elementor-element-22ed2f0 elementor-widget elementor-widget-text-editor\" data-id=\"22ed2f0\" data-element_type=\"widget\" data-e-type=\"widget\" data-widget_type=\"text-editor.default\">\n\t\t\t\t<div class=\"elementor-widget-container\">\n\t\t\t\t\t\t\t\t\t<h3 data-start=\"47\" data-end=\"83\"><strong data-start=\"51\" data-end=\"83\">Privacy Policy<\/strong><\/h3><p data-start=\"85\" data-end=\"318\"><strong data-start=\"85\" data-end=\"103\">Mouvementenvie<\/strong> s&rsquo;engage \u00e0 prot\u00e9ger la vie priv\u00e9e des utilisateurs de ce site. Nous sommes d\u00e9di\u00e9s \u00e0 maintenir la confidentialit\u00e9 de vos informations personnelles et \u00e0 garantir que vos donn\u00e9es sont utilis\u00e9es de mani\u00e8re responsable.<\/p><h4 data-start=\"320\" data-end=\"355\"><strong data-start=\"325\" data-end=\"355\">1. Informations Collect\u00e9es<\/strong><\/h4><p data-start=\"357\" data-end=\"490\">Lors de votre inscription sur notre site ou pour vous inscrire \u00e0 des cours, nous collectons les informations personnelles suivantes :<\/p><ul data-start=\"492\" data-end=\"522\"><li data-start=\"492\" data-end=\"501\"><strong data-start=\"494\" data-end=\"501\">Nom<\/strong><\/li><li data-start=\"502\" data-end=\"522\"><strong data-start=\"504\" data-end=\"522\">Email address<\/strong><\/li><li data-start=\"502\" data-end=\"522\"><strong>Phone number<\/strong><\/li><\/ul><p data-start=\"524\" data-end=\"924\">Ces informations sont utilis\u00e9es pour vous fournir un acc\u00e8s aux parties restreintes du site (par exemple, les supports de cours, l\u2019inscription aux classes) et pour communiquer avec vous concernant les services auxquels vous vous \u00eates inscrits. Les paiements pour les cours se font hors ligne, soit en personne, soit par <strong data-start=\"843\" data-end=\"864\">virement bancaire<\/strong>. Nous ne collectons pas de d\u00e9tails de paiement via le site.<\/p><h4 data-start=\"926\" data-end=\"969\"><strong data-start=\"931\" data-end=\"969\">2. Utilisation de Vos Informations<\/strong><\/h4><p data-start=\"971\" data-end=\"1077\">Les informations personnelles que vous fournissez sont utilis\u00e9es uniquement pour les finalit\u00e9s suivantes :<\/p><ul data-start=\"1078\" data-end=\"1321\"><li data-start=\"1078\" data-end=\"1158\">Vous inscrire aux cours et vous fournir un acc\u00e8s aux zones restreintes du site<\/li><li data-start=\"1159\" data-end=\"1241\">Communiquer des mises \u00e0 jour, rappels et documents relatifs aux cours par e-mail<\/li><li data-start=\"1242\" data-end=\"1321\">Envoyer tout message administratif n\u00e9cessaire \u00e0 votre participation aux cours<\/li><\/ul><p data-start=\"1323\" data-end=\"1536\">Vos donn\u00e9es personnelles ne seront pas utilis\u00e9es \u00e0 des fins de marketing ou de publicit\u00e9, et vous pouvez vous d\u00e9sinscrire \u00e0 tout moment en nous contactant \u00e0 <a rel=\"noopener\" data-start=\"1480\" data-end=\"1535\">info@mouvementenvie.fr<\/a>.<\/p><h4 data-start=\"1538\" data-end=\"1574\"><strong data-start=\"1543\" data-end=\"1574\">3. Conservation des Donn\u00e9es<\/strong><\/h4><p data-start=\"1576\" data-end=\"1957\">Nous conservons vos donn\u00e9es personnelles uniquement pendant le temps n\u00e9cessaire pour remplir les objectifs d\u00e9crits ci-dessus. Si vous souhaitez que votre compte soit supprim\u00e9 ou si vous demandez la suppression de vos donn\u00e9es, veuillez nous contacter directement \u00e0 <a rel=\"noopener\" data-start=\"1840\" data-end=\"1895\">info@mouvementenvie.fr<\/a>, et nous traiterons votre demande dans les plus brefs d\u00e9lais.<\/p><h4 data-start=\"1959\" data-end=\"1999\"><strong data-start=\"1964\" data-end=\"1999\">4. S\u00e9curit\u00e9 de Vos Informations<\/strong><\/h4><p data-start=\"2001\" data-end=\"2389\">Mouvementenvie prend la s\u00e9curit\u00e9 de vos informations personnelles tr\u00e8s au s\u00e9rieux. Nous mettons en place des mesures de s\u00e9curit\u00e9 appropri\u00e9es pour prot\u00e9ger vos donn\u00e9es contre l&rsquo;acc\u00e8s non autoris\u00e9, la modification ou la divulgation. Toutefois, il est important de noter qu&rsquo;aucune m\u00e9thode de transmission en ligne n&rsquo;est totalement s\u00e9curis\u00e9e, et nous ne pouvons garantir une s\u00e9curit\u00e9 absolue.<\/p><h4 data-start=\"2391\" data-end=\"2426\"><strong data-start=\"2396\" data-end=\"2426\">5. Droits des Utilisateurs<\/strong><\/h4><p data-start=\"2428\" data-end=\"2576\">Conform\u00e9ment au <strong data-start=\"2444\" data-end=\"2502\">R\u00e8glement G\u00e9n\u00e9ral sur la Protection des Donn\u00e9es (RGPD)<\/strong>, vous avez les droits suivants concernant vos informations personnelles :<\/p><ul data-start=\"2577\" data-end=\"2956\"><li data-start=\"2577\" data-end=\"2679\"><strong data-start=\"2579\" data-end=\"2588\">Acc\u00e8s<\/strong> : Vous pouvez demander \u00e0 acc\u00e9der aux donn\u00e9es personnelles que nous d\u00e9tenons \u00e0 votre sujet.<\/li><li data-start=\"2680\" data-end=\"2756\"><strong data-start=\"2682\" data-end=\"2696\">Correction<\/strong> : Vous pouvez corriger toute donn\u00e9e inexacte ou incompl\u00e8te.<\/li><li data-start=\"2757\" data-end=\"2841\"><strong data-start=\"2759\" data-end=\"2774\">Suppression<\/strong> : Vous pouvez demander la suppression de vos donn\u00e9es personnelles.<\/li><li data-start=\"2842\" data-end=\"2956\"><strong data-start=\"2844\" data-end=\"2871\">Retrait du Consentement<\/strong> : Vous pouvez retirer votre consentement au traitement de vos donn\u00e9es \u00e0 tout moment.<\/li><\/ul><p data-start=\"2958\" data-end=\"3073\">Pour exercer l&rsquo;un de ces droits, veuillez nous contacter \u00e0 <a rel=\"noopener\" data-start=\"3017\" data-end=\"3072\">info@mouvementenvie.fr<\/a>.<\/p><h4 data-start=\"3075\" data-end=\"3106\"><strong data-start=\"3080\" data-end=\"3106\">6. Partage des Donn\u00e9es<\/strong><\/h4><p data-start=\"3108\" data-end=\"3413\">Nous ne partageons pas, ne vendons pas et ne louons pas vos informations personnelles \u00e0 des tiers. Vos donn\u00e9es ne seront accessibles qu&rsquo;aux personnes autoris\u00e9es au sein de <strong data-start=\"3280\" data-end=\"3298\">Mouvementenvie<\/strong>, qui en ont besoin pour fournir des services (par exemple, pour administrer vos cours ou r\u00e9pondre \u00e0 vos demandes).<\/p><h4 data-start=\"3415\" data-end=\"3473\"><strong data-start=\"3420\" data-end=\"3473\">7. Mise \u00e0 Jour de la Politique de Confidentialit\u00e9<\/strong><\/h4><p data-start=\"3475\" data-end=\"3799\">Cette politique de confidentialit\u00e9 peut \u00eatre mise \u00e0 jour p\u00e9riodiquement. Toute modification sera publi\u00e9e sur cette page avec la date de \u00ab\u00a0Derni\u00e8re modification\u00a0\u00bb mise \u00e0 jour. Nous vous encourageons \u00e0 consulter cette politique r\u00e9guli\u00e8rement pour rester inform\u00e9 sur la mani\u00e8re dont nous prot\u00e9geons vos informations personnelles.<\/p><h4 data-start=\"3801\" data-end=\"3820\"><strong data-start=\"3806\" data-end=\"3820\">8. Contact<\/strong><\/h4><p data-start=\"3822\" data-end=\"3988\">Si vous avez des questions ou des pr\u00e9occupations concernant cette politique de confidentialit\u00e9 ou le traitement de vos donn\u00e9es personnelles, veuillez nous contacter :<\/p><p data-start=\"3990\" data-end=\"4074\"><strong data-start=\"3990\" data-end=\"4008\">Mouvementenvie<\/strong><br data-start=\"4008\" data-end=\"4011\" \/>Email : <a rel=\"noopener\" data-start=\"4019\" data-end=\"4074\">info@mouvementenvie.fr<\/a><\/p>\t\t\t\t\t\t\t\t<\/div>\n\t\t\t\t<\/div>\n\t\t\t\t\t<\/div>\n\t\t\t\t<\/div>\n\t\t\t\t<\/div>","protected":false},"excerpt":{"rendered":"<p>Politique de Confidentialit\u00e9 Politique de Confidentialit\u00e9 Mouvementenvie s&rsquo;engage \u00e0 prot\u00e9ger la vie priv\u00e9e des utilisateurs de ce site. Nous sommes [&hellip;]<\/p>\n","protected":false},"author":1,"featured_media":0,"parent":0,"menu_order":0,"comment_status":"closed","ping_status":"closed","template":"","meta":{"site-sidebar-layout":"no-sidebar","site-content-layout":"","ast-site-content-layout":"full-width-container","site-content-style":"default","site-sidebar-style":"default","ast-global-header-display":"","ast-banner-title-visibility":"","ast-main-header-display":"","ast-hfb-above-header-display":"","ast-hfb-below-header-display":"","ast-hfb-mobile-header-display":"","site-post-title":"disabled","ast-breadcrumbs-content":"","ast-featured-img":"disabled","footer-sml-layout":"","ast-disable-related-posts":"","theme-transparent-header-meta":"","adv-header-id-meta":"","stick-header-meta":"","header-above-stick-meta":"","header-main-stick-meta":"","header-below-stick-meta":"","astra-migrate-meta-layouts":"default","ast-page-background-enabled":"default","ast-page-background-meta":{"desktop":{"background-color":"var(--ast-global-color-5)","background-image":"","background-repeat":"repeat","background-position":"center center","background-size":"auto","background-attachment":"scroll","background-type":"","background-media":"","overlay-type":"","overlay-color":"","overlay-opacity":"","overlay-gradient":""},"tablet":{"background-color":"","background-image":"","background-repeat":"repeat","background-position":"center center","background-size":"auto","background-attachment":"scroll","background-type":"","background-media":"","overlay-type":"","overlay-color":"","overlay-opacity":"","overlay-gradient":""},"mobile":{"background-color":"","background-image":"","background-repeat":"repeat","background-position":"center center","background-size":"auto","background-attachment":"scroll","background-type":"","background-media":"","overlay-type":"","overlay-color":"","overlay-opacity":"","overlay-gradient":""}},"ast-content-background-meta":{"desktop":{"background-color":"var(--ast-global-color-4)","background-image":"","background-repeat":"repeat","background-position":"center center","background-size":"auto","background-attachment":"scroll","background-type":"","background-media":"","overlay-type":"","overlay-color":"","overlay-opacity":"","overlay-gradient":""},"tablet":{"background-color":"var(--ast-global-color-4)","background-image":"","background-repeat":"repeat","background-position":"center center","background-size":"auto","background-attachment":"scroll","background-type":"","background-media":"","overlay-type":"","overlay-color":"","overlay-opacity":"","overlay-gradient":""},"mobile":{"background-color":"var(--ast-global-color-4)","background-image":"","background-repeat":"repeat","background-position":"center center","background-size":"auto","background-attachment":"scroll","background-type":"","background-media":"","overlay-type":"","overlay-color":"","overlay-opacity":"","overlay-gradient":""}},"_joinchat":[],"footnotes":""},"class_list":["post-1858","page","type-page","status-publish","hentry"],"_links":{"self":[{"href":"https:\/\/mouvementenvie.fr\/en\/wp-json\/wp\/v2\/pages\/1858","targetHints":{"allow":["GET"]}}],"collection":[{"href":"https:\/\/mouvementenvie.fr\/en\/wp-json\/wp\/v2\/pages"}],"about":[{"href":"https:\/\/mouvementenvie.fr\/en\/wp-json\/wp\/v2\/types\/page"}],"author":[{"embeddable":true,"href":"https:\/\/mouvementenvie.fr\/en\/wp-json\/wp\/v2\/users\/1"}],"replies":[{"embeddable":true,"href":"https:\/\/mouvementenvie.fr\/en\/wp-json\/wp\/v2\/comments?post=1858"}],"version-history":[{"count":3,"href":"https:\/\/mouvementenvie.fr\/en\/wp-json\/wp\/v2\/pages\/1858\/revisions"}],"predecessor-version":[{"id":1861,"href":"https:\/\/mouvementenvie.fr\/en\/wp-json\/wp\/v2\/pages\/1858\/revisions\/1861"}],"wp:attachment":[{"href":"https:\/\/mouvementenvie.fr\/en\/wp-json\/wp\/v2\/media?parent=1858"}],"curies":[{"name":"wp","href":"https:\/\/api.w.org\/{rel}","templated":true}]}}