{"id":1852,"date":"2025-02-13T12:16:48","date_gmt":"2025-02-13T11:16:48","guid":{"rendered":"https:\/\/mouvementenvie.fr\/?page_id=1852"},"modified":"2025-02-13T13:46:51","modified_gmt":"2025-02-13T12:46:51","slug":"mentions-legal","status":"publish","type":"page","link":"https:\/\/mouvementenvie.fr\/en\/mentions-legal\/","title":{"rendered":"Mentions legal"},"content":{"rendered":"<div data-elementor-type=\"wp-page\" data-elementor-id=\"1852\" class=\"elementor elementor-1852\">\n\t\t\t\t<div class=\"elementor-element elementor-element-26c27af e-flex e-con-boxed e-con e-parent\" data-id=\"26c27af\" data-element_type=\"container\" data-e-type=\"container\">\n\t\t\t\t\t<div class=\"e-con-inner\">\n\t\t\t\t<div class=\"elementor-element elementor-element-faebf9b elementor-widget elementor-widget-heading\" data-id=\"faebf9b\" data-element_type=\"widget\" data-e-type=\"widget\" data-widget_type=\"heading.default\">\n\t\t\t\t<div class=\"elementor-widget-container\">\n\t\t\t\t\t<h2 class=\"elementor-heading-title elementor-size-default\">Mentions L\u00e9gales<\/h2>\t\t\t\t<\/div>\n\t\t\t\t<\/div>\n\t\t\t\t<div class=\"elementor-element elementor-element-5a10e00 elementor-widget elementor-widget-text-editor\" data-id=\"5a10e00\" data-element_type=\"widget\" data-e-type=\"widget\" data-widget_type=\"text-editor.default\">\n\t\t\t\t<div class=\"elementor-widget-container\">\n\t\t\t\t\t\t\t\t\t<h4 data-start=\"130\" data-end=\"177\"><strong data-start=\"135\" data-end=\"177\">1. Identification de l\u2019\u00e9diteur du site<\/strong><\/h4><ul data-start=\"179\" data-end=\"449\"><li data-start=\"179\" data-end=\"205\"><strong data-start=\"181\" data-end=\"188\">Nom<\/strong> : Gilroy Julia<\/li><li data-start=\"206\" data-end=\"251\"><strong data-start=\"208\" data-end=\"218\">Statut<\/strong> : Entrepreneur Individuel (EI)<\/li><li data-start=\"252\" data-end=\"332\"><strong data-start=\"254\" data-end=\"281\">Adresse professionnelle<\/strong> : 9 Avenue Th\u00e9o Giordan, 06480 La Colle-sur-Loup<\/li><li data-start=\"333\" data-end=\"360\"><strong data-start=\"335\" data-end=\"344\">SIREN<\/strong> : 528 597 222<\/li><li data-start=\"361\" data-end=\"404\"><strong data-start=\"363\" data-end=\"381\">Email address<\/strong> : <a rel=\"noopener\" data-start=\"384\" data-end=\"402\">jgilroy4@gmail.com<\/a><\/li><li data-start=\"405\" data-end=\"449\"><strong data-start=\"407\" data-end=\"430\">Phone number<\/strong> : 06 70 67 59 98<\/li><\/ul><h4 data-start=\"451\" data-end=\"482\"><strong data-start=\"456\" data-end=\"482\">2. H\u00e9bergement du site<\/strong><\/h4><ul data-start=\"484\" data-end=\"609\"><li data-start=\"484\" data-end=\"512\"><strong data-start=\"486\" data-end=\"499\">H\u00e9bergeur<\/strong> : o2switch<\/li><li data-start=\"513\" data-end=\"574\"><strong data-start=\"515\" data-end=\"526\">Adresse<\/strong> : Chemin des Pardiaux, 63000 Clermont-Ferrand<\/li><li data-start=\"575\" data-end=\"609\"><strong data-start=\"577\" data-end=\"590\">T\u00e9l\u00e9phone<\/strong> : 04 44 44 60 40<\/li><\/ul><h4 data-start=\"611\" data-end=\"647\"><strong data-start=\"616\" data-end=\"647\">3. Propri\u00e9t\u00e9 intellectuelle<\/strong><\/h4><p data-start=\"649\" data-end=\"848\">L\u2019ensemble du contenu du site (textes, images, graphismes, logos) est prot\u00e9g\u00e9 par le droit de la propri\u00e9t\u00e9 intellectuelle. Toute reproduction ou utilisation sans autorisation pr\u00e9alable est interdite.<\/p><h4 data-start=\"850\" data-end=\"897\"><strong data-start=\"855\" data-end=\"897\">4. Protection des donn\u00e9es personnelles<\/strong><\/h4><p data-start=\"899\" data-end=\"1265\">Les informations collect\u00e9es via le site sont destin\u00e9es uniquement \u00e0 l&rsquo;usage professionnel de Julia Gilroy EI et ne sont ni vendues ni partag\u00e9es avec des tiers. Conform\u00e9ment \u00e0 la loi Informatique et Libert\u00e9s, vous disposez d\u2019un droit d\u2019acc\u00e8s, de modification et de suppression des donn\u00e9es vous concernant en contactant <a rel=\"noopener\" data-start=\"1217\" data-end=\"1264\">jgilroy4@gmail.com<\/a>.<\/p><p data-start=\"1267\" data-end=\"1643\">Pour plus d&rsquo;informations sur la gestion de vos donn\u00e9es personnelles, vous pouvez consulter notre <strong data-start=\"1364\" data-end=\"1450\"><a href=\"https:\/\/mouvementenvie.fr\/en\/politique-de-confidentialite\/\" target=\"_new\" rel=\"noopener\" data-start=\"1366\" data-end=\"1448\">Privacy Policy<\/a><\/strong>.<br data-start=\"1451\" data-end=\"1454\" \/>Les demandes d\u2019acc\u00e8s ou de suppression de vos donn\u00e9es peuvent \u00eatre effectu\u00e9es en utilisant le <strong data-start=\"1548\" data-end=\"1611\"><a href=\"https:\/\/mouvementenvie.fr\/en\/contact\/\" target=\"_new\" rel=\"noopener\" data-start=\"1550\" data-end=\"1609\">formulaire de contact<\/a><\/strong> disponible sur la page Contact.<\/p><h4 data-start=\"1645\" data-end=\"1671\"><strong data-start=\"1650\" data-end=\"1671\">5. Responsabilit\u00e9<\/strong><\/h4><p data-start=\"1673\" data-end=\"1935\">Julia Gilroy EI s&rsquo;efforce d&rsquo;assurer l&rsquo;exactitude des informations publi\u00e9es sur le site. Toutefois, des erreurs ou omissions peuvent survenir, et la responsabilit\u00e9 de l&rsquo;\u00e9diteur ne saurait \u00eatre engag\u00e9e pour toute utilisation des informations diffus\u00e9es sur ce site.<\/p><h4 data-start=\"1937\" data-end=\"1956\"><strong data-start=\"1942\" data-end=\"1956\">6. Cookies<\/strong><\/h4><p data-start=\"1958\" data-end=\"2213\">Le site utilise des cookies pour am\u00e9liorer l\u2019exp\u00e9rience utilisateur. Pour plus de d\u00e9tails sur l\u2019utilisation des cookies et pour g\u00e9rer vos pr\u00e9f\u00e9rences, veuillez consulter notre <strong data-start=\"2134\" data-end=\"2212\"><a href=\"https:\/\/mouvementenvie.fr\/en\/politique-de-cookies-ue\/\" target=\"_new\" rel=\"noopener\" data-start=\"2136\" data-end=\"2210\">Politique de Cookies<\/a><\/strong>.<\/p>\t\t\t\t\t\t\t\t<\/div>\n\t\t\t\t<\/div>\n\t\t\t\t<div class=\"elementor-element elementor-element-75603de elementor-widget-divider--view-line elementor-widget elementor-widget-divider\" data-id=\"75603de\" data-element_type=\"widget\" data-e-type=\"widget\" data-widget_type=\"divider.default\">\n\t\t\t\t<div class=\"elementor-widget-container\">\n\t\t\t\t\t\t\t<div class=\"elementor-divider\">\n\t\t\t<span class=\"elementor-divider-separator\">\n\t\t\t\t\t\t<\/span>\n\t\t<\/div>\n\t\t\t\t\t\t<\/div>\n\t\t\t\t<\/div>\n\t\t\t\t<div class=\"elementor-element elementor-element-b142ba9 elementor-widget elementor-widget-heading\" data-id=\"b142ba9\" data-element_type=\"widget\" data-e-type=\"widget\" data-widget_type=\"heading.default\">\n\t\t\t\t<div class=\"elementor-widget-container\">\n\t\t\t\t\t<h2 class=\"elementor-heading-title elementor-size-default\">Limitation de Responsabilit\u00e9<\/h2>\t\t\t\t<\/div>\n\t\t\t\t<\/div>\n\t\t\t\t<div class=\"elementor-element elementor-element-a1946d2 elementor-widget elementor-widget-text-editor\" data-id=\"a1946d2\" data-element_type=\"widget\" data-e-type=\"widget\" data-widget_type=\"text-editor.default\">\n\t\t\t\t<div class=\"elementor-widget-container\">\n\t\t\t\t\t\t\t\t\t<h3 data-start=\"192\" data-end=\"228\"><strong data-start=\"196\" data-end=\"228\">Limitation de Responsabilit\u00e9<\/strong><\/h3><ol data-start=\"230\" data-end=\"614\"><li data-start=\"230\" data-end=\"614\"><strong data-start=\"233\" data-end=\"259\">Informations G\u00e9n\u00e9rales<\/strong> Les informations et conseils pr\u00e9sents sur ce site sont fournis \u00e0 titre informatif uniquement et ne constituent pas un traitement m\u00e9dical ou th\u00e9rapeutique. Les enseignants de la Technique Alexander ne sont pas form\u00e9s m\u00e9dicalement. En cas de probl\u00e8me de sant\u00e9, consultez imm\u00e9diatement votre m\u00e9decin ou un professionnel de sant\u00e9 au sujet de votre condition.<\/li><\/ol><p data-start=\"616\" data-end=\"784\">Bien que des am\u00e9liorations dans certaines conditions m\u00e9dicales et la sant\u00e9 g\u00e9n\u00e9rale soient fr\u00e9quemment rapport\u00e9es par les \u00e9tudiants, ces r\u00e9sultats ne sont pas garantis.<\/p><ol start=\"2\" data-start=\"786\" data-end=\"1404\"><li data-start=\"786\" data-end=\"1152\"><p data-start=\"789\" data-end=\"1152\"><strong data-start=\"789\" data-end=\"808\">Sites Web Tiers<\/strong> Mouvementenvie ne peut \u00eatre tenu responsable du contenu ou du fonctionnement des sites Web tiers auxquels il est li\u00e9. Nous n&rsquo;acceptons aucune responsabilit\u00e9 pour les sites dont les donn\u00e9es ne respectent pas les dispositions l\u00e9gales et r\u00e9glementaires en vigueur, ni pour toute perte ou dommage que vous pourriez subir suite \u00e0 leur consultation.<\/p><\/li><li data-start=\"1154\" data-end=\"1404\"><p data-start=\"1157\" data-end=\"1404\"><strong data-start=\"1157\" data-end=\"1200\">Responsabilit\u00e9 Limit\u00e9e et Indemnisation<\/strong> En utilisant ce site, vous acceptez d&rsquo;indemniser Julia Gilroy, ses repr\u00e9sentants, employ\u00e9s ou agents contre toute responsabilit\u00e9 ou r\u00e9clamation en dommages-int\u00e9r\u00eats d\u00e9coulant de l&rsquo;utilisation de ce site.<\/p><\/li><\/ol><p data-start=\"1406\" data-end=\"1768\">Le propri\u00e9taire du site d\u00e9cline toute responsabilit\u00e9 et ne fait aucune garantie concernant les informations accessibles via ce site, y compris mais sans s&rsquo;y limiter, des garanties implicites concernant les proc\u00e9dures qui pourraient \u00eatre entreprises \u00e0 la suite de la consultation de tout mat\u00e9riel ou recommandation en mati\u00e8re de sant\u00e9 et de bien-\u00eatre sur le site.<\/p><ol start=\"4\" data-start=\"1770\" data-end=\"2032\"><li data-start=\"1770\" data-end=\"2032\"><strong data-start=\"1773\" data-end=\"1801\">Risque Associ\u00e9 aux Cours<\/strong> Les cours de mouvement comportent toujours un risque de blessure. Sauf en cas de n\u00e9gligence grave de la part de l&rsquo;enseignant, le client est responsable de toute blessure ou dommage survenu \u00e0 la suite de sa participation aux cours.<\/li><\/ol><p data-start=\"2034\" data-end=\"2291\">Les h\u00e9ritiers, repr\u00e9sentants l\u00e9gaux, ex\u00e9cuteurs testamentaires et le client renoncent \u00e0 toute responsabilit\u00e9 envers Mouvementenvie et ses instructeurs pour toute blessure personnelle, incapacit\u00e9 ou d\u00e9c\u00e8s survenu lors de la participation volontaire au cours.<\/p><p data-start=\"2293\" data-end=\"2439\">Mouvementenvie n&rsquo;est pas responsable de la perte, du vol, de la mauvaise appropriation ou des dommages, directs ou indirects, aux biens du client.<\/p><ol start=\"5\" data-start=\"2441\" data-end=\"2681\"><li data-start=\"2441\" data-end=\"2681\"><strong data-start=\"2444\" data-end=\"2472\">Conduite Professionnelle<\/strong> Tous les enseignants qualifi\u00e9s de la Technique Alexander adh\u00e8rent \u00e0 un Code de conduite professionnelle. Cela garantit le bien-\u00eatre des \u00e9tudiants et que des principes \u00e9thiques sont respect\u00e9s par l&rsquo;enseignant.<\/li><\/ol><p data-start=\"2683\" data-end=\"2725\">Pour plus de d\u00e9tails, veuillez consulter :<\/p><ul data-start=\"2726\" data-end=\"2903\"><li data-start=\"2726\" data-end=\"2798\"><strong data-start=\"2728\" data-end=\"2735\">ATI<\/strong> : <a href=\"http:\/\/www.ati-net.com\/atiethic.php\" target=\"_new\" rel=\"noopener\" data-start=\"2738\" data-end=\"2798\">Code \u00e9thique de l&rsquo;ATI<\/a><\/li><li data-start=\"2799\" data-end=\"2903\"><strong data-start=\"2801\" data-end=\"2820\">LearningMethods<\/strong> : <a href=\"http:\/\/www.learningmethods.com\/lmconduct.htm\" target=\"_new\" rel=\"noopener\" data-start=\"2823\" data-end=\"2903\">Code de conduite LearningMethods<\/a><\/li><\/ul><ol start=\"6\" data-start=\"2905\" data-end=\"3223\"><li data-start=\"2905\" data-end=\"3223\"><strong data-start=\"2908\" data-end=\"2932\">Politique de Recours<\/strong> Si vous avez des probl\u00e8mes ou si vous \u00eates insatisfait des sessions, je vous invite \u00e0 en discuter d&rsquo;abord avec moi, car il est g\u00e9n\u00e9ralement possible de r\u00e9soudre les probl\u00e8mes par une communication directe. Sinon, les plaintes et notifications de violations du code doivent \u00eatre envoy\u00e9es \u00e0 :<\/li><\/ol><ul data-start=\"3224\" data-end=\"3344\"><li data-start=\"3224\" data-end=\"3344\">Organisation <strong data-start=\"3239\" data-end=\"3246\">ATI<\/strong> : <a href=\"https:\/\/www.alexandertechniqueinternational.com\/complaint-procedure\" target=\"_new\" rel=\"noopener\" data-start=\"3249\" data-end=\"3344\">Proc\u00e9dure de plainte ATI<\/a><\/li><\/ul>\t\t\t\t\t\t\t\t<\/div>\n\t\t\t\t<\/div>\n\t\t\t\t<div class=\"elementor-element elementor-element-57c5c88 elementor-widget-divider--view-line elementor-widget elementor-widget-divider\" data-id=\"57c5c88\" data-element_type=\"widget\" data-e-type=\"widget\" data-widget_type=\"divider.default\">\n\t\t\t\t<div class=\"elementor-widget-container\">\n\t\t\t\t\t\t\t<div class=\"elementor-divider\">\n\t\t\t<span class=\"elementor-divider-separator\">\n\t\t\t\t\t\t<\/span>\n\t\t<\/div>\n\t\t\t\t\t\t<\/div>\n\t\t\t\t<\/div>\n\t\t\t\t<div class=\"elementor-element elementor-element-c2dbee9 elementor-widget elementor-widget-heading\" data-id=\"c2dbee9\" data-element_type=\"widget\" data-e-type=\"widget\" data-widget_type=\"heading.default\">\n\t\t\t\t<div class=\"elementor-widget-container\">\n\t\t\t\t\t<h2 class=\"elementor-heading-title elementor-size-default\">Propri\u00e9t\u00e9 Intellectuelle<\/h2>\t\t\t\t<\/div>\n\t\t\t\t<\/div>\n\t\t\t\t<div class=\"elementor-element elementor-element-d702736 elementor-widget elementor-widget-text-editor\" data-id=\"d702736\" data-element_type=\"widget\" data-e-type=\"widget\" data-widget_type=\"text-editor.default\">\n\t\t\t\t<div class=\"elementor-widget-container\">\n\t\t\t\t\t\t\t\t\t<ol data-start=\"400\" data-end=\"508\"><li data-start=\"400\" data-end=\"508\"><strong data-start=\"403\" data-end=\"416\">Copyright<\/strong> Le contenu des pages est prot\u00e9g\u00e9 par le droit d&rsquo;auteur et est la propri\u00e9t\u00e9 de Julia Gilroy.<\/li><\/ol><p data-start=\"510\" data-end=\"865\">\u00c0 l&rsquo;exception des mat\u00e9riaux pr\u00e9cis\u00e9ment identifi\u00e9s, la reproduction totale ou partielle de ce site, tels que les articles, photos (sauf celles sous licence libre de droits), logos, marques et publications, sans l&rsquo;accord \u00e9crit du propri\u00e9taire de la marque d\u00e9pos\u00e9e, est interdite par la l\u00e9gislation en vigueur en France et par la l\u00e9gislation internationale.<\/p><p data-start=\"867\" data-end=\"1191\">En cons\u00e9quence, toute repr\u00e9sentation totale ou partielle de ce site et de ses contenus par quelque moyen que ce soit, sans autorisation pr\u00e9alable et expresse de Julia Gilroy, est interdite et constituerait une contrefa\u00e7on passible de sanctions en vertu des articles L335-2 et suivants du Code de la propri\u00e9t\u00e9 intellectuelle.<\/p><p data-start=\"1193\" data-end=\"1389\">Il est cependant permis aux individus de copier \u00e9lectroniquement et d\u2019imprimer en version papier des portions de ce site web \u00e0 des fins personnelles uniquement, \u00e0 titre de ressource d\u2019information.<\/p><ol start=\"2\" data-start=\"1391\" data-end=\"1487\"><li data-start=\"1391\" data-end=\"1487\"><strong data-start=\"1394\" data-end=\"1405\">Marques<\/strong> Les noms et logos : <strong data-start=\"1426\" data-end=\"1444\">Mouvementenvie<\/strong> sont des marques d\u00e9pos\u00e9es de Julia Gilroy.<\/li><\/ol><p data-start=\"1489\" data-end=\"1581\">\u00ab\u00a0<strong data-start=\"1490\" data-end=\"1509\">LearningMethods<\/strong>\u00a0\u00bb et les diagrammes corporels sont des marques d\u00e9pos\u00e9es de David Gorman.<\/p><p data-start=\"1583\" data-end=\"1670\">\u00ab\u00a0<strong data-start=\"1584\" data-end=\"1608\">Anatomy in Wholeness<\/strong>\u00a0\u00bb est une marque d\u00e9pos\u00e9e de Babette Lightener et David Gorman.<\/p><p data-start=\"1672\" data-end=\"1803\">Les illustrations proviennent du livre \u00ab\u00a0<strong data-start=\"1712\" data-end=\"1733\">The Body Moveable<\/strong>\u00a0\u00bb de David Gorman <a href=\"http:\/\/www.bodymoveable.com\" target=\"_new\" rel=\"noopener\" data-start=\"1751\" data-end=\"1802\">www.bodymoveable.com<\/a>.<\/p><p data-start=\"1805\" data-end=\"1871\">Toutes les marques sont utilis\u00e9es avec l\u2019autorisation des auteurs.<\/p>\t\t\t\t\t\t\t\t<\/div>\n\t\t\t\t<\/div>\n\t\t\t\t\t<\/div>\n\t\t\t\t<\/div>\n\t\t\t\t<\/div>","protected":false},"excerpt":{"rendered":"<p>Mentions L\u00e9gales 1. Identification de l\u2019\u00e9diteur du site Nom : Gilroy Julia Statut : Entrepreneur Individuel (EI) Adresse professionnelle : [&hellip;]<\/p>\n","protected":false},"author":1,"featured_media":0,"parent":0,"menu_order":0,"comment_status":"closed","ping_status":"closed","template":"","meta":{"site-sidebar-layout":"no-sidebar","site-content-layout":"","ast-site-content-layout":"full-width-container","site-content-style":"default","site-sidebar-style":"default","ast-global-header-display":"","ast-banner-title-visibility":"","ast-main-header-display":"","ast-hfb-above-header-display":"","ast-hfb-below-header-display":"","ast-hfb-mobile-header-display":"","site-post-title":"disabled","ast-breadcrumbs-content":"","ast-featured-img":"disabled","footer-sml-layout":"","ast-disable-related-posts":"","theme-transparent-header-meta":"","adv-header-id-meta":"","stick-header-meta":"","header-above-stick-meta":"","header-main-stick-meta":"","header-below-stick-meta":"","astra-migrate-meta-layouts":"default","ast-page-background-enabled":"default","ast-page-background-meta":{"desktop":{"background-color":"var(--ast-global-color-5)","background-image":"","background-repeat":"repeat","background-position":"center center","background-size":"auto","background-attachment":"scroll","background-type":"","background-media":"","overlay-type":"","overlay-color":"","overlay-opacity":"","overlay-gradient":""},"tablet":{"background-color":"","background-image":"","background-repeat":"repeat","background-position":"center center","background-size":"auto","background-attachment":"scroll","background-type":"","background-media":"","overlay-type":"","overlay-color":"","overlay-opacity":"","overlay-gradient":""},"mobile":{"background-color":"","background-image":"","background-repeat":"repeat","background-position":"center center","background-size":"auto","background-attachment":"scroll","background-type":"","background-media":"","overlay-type":"","overlay-color":"","overlay-opacity":"","overlay-gradient":""}},"ast-content-background-meta":{"desktop":{"background-color":"var(--ast-global-color-4)","background-image":"","background-repeat":"repeat","background-position":"center center","background-size":"auto","background-attachment":"scroll","background-type":"","background-media":"","overlay-type":"","overlay-color":"","overlay-opacity":"","overlay-gradient":""},"tablet":{"background-color":"var(--ast-global-color-4)","background-image":"","background-repeat":"repeat","background-position":"center center","background-size":"auto","background-attachment":"scroll","background-type":"","background-media":"","overlay-type":"","overlay-color":"","overlay-opacity":"","overlay-gradient":""},"mobile":{"background-color":"var(--ast-global-color-4)","background-image":"","background-repeat":"repeat","background-position":"center center","background-size":"auto","background-attachment":"scroll","background-type":"","background-media":"","overlay-type":"","overlay-color":"","overlay-opacity":"","overlay-gradient":""}},"_joinchat":[],"footnotes":""},"class_list":["post-1852","page","type-page","status-publish","hentry"],"_links":{"self":[{"href":"https:\/\/mouvementenvie.fr\/en\/wp-json\/wp\/v2\/pages\/1852","targetHints":{"allow":["GET"]}}],"collection":[{"href":"https:\/\/mouvementenvie.fr\/en\/wp-json\/wp\/v2\/pages"}],"about":[{"href":"https:\/\/mouvementenvie.fr\/en\/wp-json\/wp\/v2\/types\/page"}],"author":[{"embeddable":true,"href":"https:\/\/mouvementenvie.fr\/en\/wp-json\/wp\/v2\/users\/1"}],"replies":[{"embeddable":true,"href":"https:\/\/mouvementenvie.fr\/en\/wp-json\/wp\/v2\/comments?post=1852"}],"version-history":[{"count":19,"href":"https:\/\/mouvementenvie.fr\/en\/wp-json\/wp\/v2\/pages\/1852\/revisions"}],"predecessor-version":[{"id":1883,"href":"https:\/\/mouvementenvie.fr\/en\/wp-json\/wp\/v2\/pages\/1852\/revisions\/1883"}],"wp:attachment":[{"href":"https:\/\/mouvementenvie.fr\/en\/wp-json\/wp\/v2\/media?parent=1852"}],"curies":[{"name":"wp","href":"https:\/\/api.w.org\/{rel}","templated":true}]}}