{"id":1511,"date":"2025-02-08T18:15:51","date_gmt":"2025-02-08T18:15:51","guid":{"rendered":"https:\/\/mouvementenvie.fr\/?page_id=1511"},"modified":"2025-02-08T18:18:22","modified_gmt":"2025-02-08T18:18:22","slug":"clause-de-non-responsabilite","status":"publish","type":"page","link":"https:\/\/mouvementenvie.fr\/en\/clause-de-non-responsabilite\/","title":{"rendered":"Disclaimer of Liability"},"content":{"rendered":"<div data-elementor-type=\"wp-page\" data-elementor-id=\"1511\" class=\"elementor elementor-1511\">\n\t\t\t\t<div class=\"elementor-element elementor-element-0d2108d e-flex e-con-boxed e-con e-parent\" data-id=\"0d2108d\" data-element_type=\"container\" data-e-type=\"container\" data-settings=\"{&quot;background_background&quot;:&quot;classic&quot;}\">\n\t\t\t\t\t<div class=\"e-con-inner\">\n\t\t\t\t<div class=\"elementor-element elementor-element-f5f8e32 elementor-widget elementor-widget-heading\" data-id=\"f5f8e32\" data-element_type=\"widget\" data-e-type=\"widget\" data-widget_type=\"heading.default\">\n\t\t\t\t<div class=\"elementor-widget-container\">\n\t\t\t\t\t<h2 class=\"elementor-heading-title elementor-size-default\">Disclaimer of Liability<\/h2>\t\t\t\t<\/div>\n\t\t\t\t<\/div>\n\t\t\t\t<div class=\"elementor-element elementor-element-fc459bd elementor-widget elementor-widget-text-editor\" data-id=\"fc459bd\" data-element_type=\"widget\" data-e-type=\"widget\" data-widget_type=\"text-editor.default\">\n\t\t\t\t<div class=\"elementor-widget-container\">\n\t\t\t\t\t\t\t\t\t<p>Toutes les informations et conseils pr\u00e9sents sur ce site sont fournis uniquement \u00e0 titre informatif et ne constituent ni un traitement m\u00e9dical ni une th\u00e9rapie. Les enseignants de la Technique Alexander ne sont pas form\u00e9s m\u00e9dicalement. Si vous avez un probl\u00e8me de sant\u00e9, consultez imm\u00e9diatement votre m\u00e9decin ou un professionnel de sant\u00e9.<\/p><p>Bien que des am\u00e9liorations dans certaines conditions m\u00e9dicales et dans la sant\u00e9 g\u00e9n\u00e9rale soient fr\u00e9quemment rapport\u00e9es par les \u00e9tudiants, elles ne sont pas garanties.<\/p><h3><span style=\"color: #000000;\"><strong>Sites tiers<\/strong><\/span><\/h3><p>Mouvementenvie ne peut \u00eatre tenu responsable du contenu ou de la fonctionnalit\u00e9 des sites tiers li\u00e9s \u00e0 ce site. Nous d\u00e9clinons toute responsabilit\u00e9 concernant les sites dont les donn\u00e9es ne sont pas conformes aux dispositions l\u00e9gales et r\u00e9glementaires en vigueur, ainsi que pour toute perte ou tout dommage r\u00e9sultant de leur acc\u00e8s.<\/p><h3><span style=\"color: #000000;\"><strong>Responsabilit\u00e9 limit\u00e9e et indemnisation<\/strong><\/span><\/h3><p>En utilisant ce site, vous acceptez d\u2019indemniser Julia Gilroy, ses repr\u00e9sentants, employ\u00e9s ou agents contre toute responsabilit\u00e9 ou r\u00e9clamation en dommages et int\u00e9r\u00eats r\u00e9sultant de l&rsquo;utilisation de ce site.<\/p><p>Le propri\u00e9taire du site ne fait <strong>aucune garantie ni d\u00e9claration<\/strong> de quelque nature que ce soit concernant les sites qu&rsquo;il contr\u00f4le et d\u00e9cline express\u00e9ment toute responsabilit\u00e9 et garantie, implicite ou autre, li\u00e9e aux proc\u00e9dures entreprises suite \u00e0 la consultation de tout mat\u00e9riel ou recommandation en mati\u00e8re de sant\u00e9 et de bien-\u00eatre figurant sur ce site.<\/p><p>Nonobstant ce qui pr\u00e9c\u00e8de, le propri\u00e9taire du site ne garantit <strong>ni l&rsquo;exactitude, ni l&rsquo;exhaustivit\u00e9, ni l&rsquo;actualit\u00e9<\/strong> des informations accessibles sur ce site. Les prix et la disponibilit\u00e9 des cours ou des informations sont sujets \u00e0 modification sans pr\u00e9avis. Julia Gilroy se r\u00e9serve le droit, \u00e0 tout moment, d&rsquo;interrompre ou de suspendre tout ou partie des services propos\u00e9s, ou de modifier les services existants pour en am\u00e9liorer l&rsquo;utilisabilit\u00e9.<\/p><p>Les cours de mouvement comportent toujours un risque de blessure. <strong>Sauf en cas de faute grave de l&rsquo;enseignant<\/strong>, le client est responsable de toute blessure ou dommage qu&rsquo;il ou son enfant pourrait subir en participant aux cours.<\/p><p>Les h\u00e9ritiers, repr\u00e9sentants l\u00e9gaux, ex\u00e9cuteurs testamentaires et le client renoncent \u00e0 toute r\u00e9clamation et d\u00e9gagent de toute responsabilit\u00e9 Mouvementenvie et ses instructeurs pour toute blessure, invalidit\u00e9 ou d\u00e9c\u00e8s survenu volontairement lors des cours.<\/p><p>Mouvementenvie n\u2019est pas responsable de la perte, du vol, de l\u2019appropriation abusive ou des dommages, directs ou indirects, caus\u00e9s aux biens du client.<\/p><h3><span style=\"color: #000000;\"><strong>Conduite professionnelle<\/strong><\/span><\/h3><p>Tous les enseignants qualifi\u00e9s en <strong>LearningMethods<\/strong> et en <strong>Alexander Technique<\/strong> adh\u00e8rent \u00e0 un Code de Conduite Professionnelle, garantissant le bien-\u00eatre des \u00e9tudiants et le respect des principes \u00e9thiques par les enseignants.<\/p><p>Pour plus de d\u00e9tails, consultez :<\/p><ul><li><strong>Site ATI<\/strong> : <a href=\"http:\/\/www.ati-net.com\/atiethic.php\" target=\"_new\" rel=\"noopener\">http:\/\/www.ati-net.com\/atiethic.php<\/a><\/li><li><strong>Site LearningMethods<\/strong> : <a href=\"http:\/\/www.learningmethods.com\/lmconduct.htm\" target=\"_new\" rel=\"noopener\">http:\/\/www.learningmethods.com\/lmconduct.htm<\/a><\/li><\/ul><h3><span style=\"color: #000000;\"><strong>Politique de recours<\/strong><\/span><\/h3><p>En cas de probl\u00e8me ou d\u2019insatisfaction concernant les s\u00e9ances, je vous encourage \u00e0 me contacter directement afin de trouver une solution par le dialogue.<\/p><p>Dans le cas contraire, les r\u00e9clamations et signalements de toute violation du code doivent \u00eatre adress\u00e9s \u00e0 :<\/p><ul><li><strong>Organisation ATI<\/strong> : <a href=\"https:\/\/www.alexandertechniqueinternational.com\/complaint-procedure\" target=\"_new\" rel=\"noopener\">www.alexandertechniqueinternational.com\/complaint-procedure<\/a><\/li><\/ul>\t\t\t\t\t\t\t\t<\/div>\n\t\t\t\t<\/div>\n\t\t\t\t\t<\/div>\n\t\t\t\t<\/div>\n\t\t\t\t<\/div>","protected":false},"excerpt":{"rendered":"<p>Clause de non-responsabilit\u00e9 Toutes les informations et conseils pr\u00e9sents sur ce site sont fournis uniquement \u00e0 titre informatif et ne [&hellip;]<\/p>\n","protected":false},"author":1,"featured_media":0,"parent":0,"menu_order":0,"comment_status":"closed","ping_status":"closed","template":"","meta":{"site-sidebar-layout":"no-sidebar","site-content-layout":"","ast-site-content-layout":"full-width-container","site-content-style":"default","site-sidebar-style":"default","ast-global-header-display":"","ast-banner-title-visibility":"","ast-main-header-display":"","ast-hfb-above-header-display":"","ast-hfb-below-header-display":"","ast-hfb-mobile-header-display":"","site-post-title":"disabled","ast-breadcrumbs-content":"","ast-featured-img":"disabled","footer-sml-layout":"","ast-disable-related-posts":"","theme-transparent-header-meta":"","adv-header-id-meta":"","stick-header-meta":"","header-above-stick-meta":"","header-main-stick-meta":"","header-below-stick-meta":"","astra-migrate-meta-layouts":"default","ast-page-background-enabled":"default","ast-page-background-meta":{"desktop":{"background-color":"var(--ast-global-color-5)","background-image":"","background-repeat":"repeat","background-position":"center center","background-size":"auto","background-attachment":"scroll","background-type":"","background-media":"","overlay-type":"","overlay-color":"","overlay-opacity":"","overlay-gradient":""},"tablet":{"background-color":"","background-image":"","background-repeat":"repeat","background-position":"center center","background-size":"auto","background-attachment":"scroll","background-type":"","background-media":"","overlay-type":"","overlay-color":"","overlay-opacity":"","overlay-gradient":""},"mobile":{"background-color":"","background-image":"","background-repeat":"repeat","background-position":"center center","background-size":"auto","background-attachment":"scroll","background-type":"","background-media":"","overlay-type":"","overlay-color":"","overlay-opacity":"","overlay-gradient":""}},"ast-content-background-meta":{"desktop":{"background-color":"var(--ast-global-color-4)","background-image":"","background-repeat":"repeat","background-position":"center center","background-size":"auto","background-attachment":"scroll","background-type":"","background-media":"","overlay-type":"","overlay-color":"","overlay-opacity":"","overlay-gradient":""},"tablet":{"background-color":"var(--ast-global-color-4)","background-image":"","background-repeat":"repeat","background-position":"center center","background-size":"auto","background-attachment":"scroll","background-type":"","background-media":"","overlay-type":"","overlay-color":"","overlay-opacity":"","overlay-gradient":""},"mobile":{"background-color":"var(--ast-global-color-4)","background-image":"","background-repeat":"repeat","background-position":"center center","background-size":"auto","background-attachment":"scroll","background-type":"","background-media":"","overlay-type":"","overlay-color":"","overlay-opacity":"","overlay-gradient":""}},"_joinchat":[],"footnotes":""},"class_list":["post-1511","page","type-page","status-publish","hentry"],"_links":{"self":[{"href":"https:\/\/mouvementenvie.fr\/en\/wp-json\/wp\/v2\/pages\/1511","targetHints":{"allow":["GET"]}}],"collection":[{"href":"https:\/\/mouvementenvie.fr\/en\/wp-json\/wp\/v2\/pages"}],"about":[{"href":"https:\/\/mouvementenvie.fr\/en\/wp-json\/wp\/v2\/types\/page"}],"author":[{"embeddable":true,"href":"https:\/\/mouvementenvie.fr\/en\/wp-json\/wp\/v2\/users\/1"}],"replies":[{"embeddable":true,"href":"https:\/\/mouvementenvie.fr\/en\/wp-json\/wp\/v2\/comments?post=1511"}],"version-history":[{"count":4,"href":"https:\/\/mouvementenvie.fr\/en\/wp-json\/wp\/v2\/pages\/1511\/revisions"}],"predecessor-version":[{"id":1515,"href":"https:\/\/mouvementenvie.fr\/en\/wp-json\/wp\/v2\/pages\/1511\/revisions\/1515"}],"wp:attachment":[{"href":"https:\/\/mouvementenvie.fr\/en\/wp-json\/wp\/v2\/media?parent=1511"}],"curies":[{"name":"wp","href":"https:\/\/api.w.org\/{rel}","templated":true}]}}