{"id":1506,"date":"2025-02-08T18:09:51","date_gmt":"2025-02-08T18:09:51","guid":{"rendered":"https:\/\/mouvementenvie.fr\/?page_id=1506"},"modified":"2025-02-08T21:14:35","modified_gmt":"2025-02-08T21:14:35","slug":"droits-dauteur","status":"publish","type":"page","link":"https:\/\/mouvementenvie.fr\/en\/droits-dauteur\/","title":{"rendered":"Droits d&rsquo;Auteur"},"content":{"rendered":"<div data-elementor-type=\"wp-page\" data-elementor-id=\"1506\" class=\"elementor elementor-1506\">\n\t\t\t\t<div class=\"elementor-element elementor-element-0d2108d e-flex e-con-boxed e-con e-parent\" data-id=\"0d2108d\" data-element_type=\"container\" data-e-type=\"container\">\n\t\t\t\t\t<div class=\"e-con-inner\">\n\t\t\t\t<div class=\"elementor-element elementor-element-f5f8e32 elementor-widget elementor-widget-heading\" data-id=\"f5f8e32\" data-element_type=\"widget\" data-e-type=\"widget\" data-widget_type=\"heading.default\">\n\t\t\t\t<div class=\"elementor-widget-container\">\n\t\t\t\t\t<h2 class=\"elementor-heading-title elementor-size-default\">Copyright &amp; Permissions<\/h2>\t\t\t\t<\/div>\n\t\t\t\t<\/div>\n\t\t\t\t<div class=\"elementor-element elementor-element-fc459bd elementor-widget elementor-widget-text-editor\" data-id=\"fc459bd\" data-element_type=\"widget\" data-e-type=\"widget\" data-widget_type=\"text-editor.default\">\n\t\t\t\t<div class=\"elementor-widget-container\">\n\t\t\t\t\t\t\t\t\t<p>Le contenu de ces pages est prot\u00e9g\u00e9 par le droit d&rsquo;auteur de Julia Gilroy.<\/p>\n<p>\u00c0 l&rsquo;exception des \u00e9l\u00e9ments pr\u00e9cis\u00e9ment identifi\u00e9s, la reproduction totale ou partielle de ce site, notamment les articles, les photos (\u00e0 l&rsquo;exception de celles libres de droits), les logos, les marques et les publications, sans le consentement \u00e9crit du propri\u00e9taire de la marque d\u00e9pos\u00e9e, est interdite par la l\u00e9gislation en vigueur en France ainsi que par la l\u00e9gislation internationale.<\/p>\n<p>Par cons\u00e9quent, toute repr\u00e9sentation totale ou partielle de ce site et de son contenu, par quelque moyen que ce soit, sans autorisation pr\u00e9alable et expresse de Julia Gilroy, est interdite et constituerait une contrefa\u00e7on sanctionn\u00e9e par les articles L335-2 et suivants du Code de la propri\u00e9t\u00e9 intellectuelle fran\u00e7ais.<\/p>\n<p>Une autorisation est accord\u00e9e aux individus pour copier \u00e9lectroniquement et imprimer sur papier des parties de ce site web, uniquement pour leur usage personnel en tant que ressource d&rsquo;information.<\/p>\n<p><strong>Marques d\u00e9pos\u00e9es<\/strong><br>Les noms et logos Mouvementenvie sont des marques d\u00e9pos\u00e9es de Julia Gilroy.<\/p>\n<p>\u00ab\u00a0LearningMethods\u00a0\u00bb ainsi que les diagrammes corporels sont des marques d\u00e9pos\u00e9es de David Gorman.<\/p>\n<p>\u00ab\u00a0Anatomy in Wholeness\u00a0\u00bb est une marque d\u00e9pos\u00e9e de Babette Lightener et David Gorman.<\/p>\n<p><strong>Les illustrations<\/strong> proviennent du livre The Body Moveable de David Gorman (www.bodymoveable.com).<\/p>\n<p><strong>Toutes les marques cit\u00e9es sont utilis\u00e9es avec l&rsquo;autorisation de leurs auteurs.<\/strong><\/p><p><span style=\"color: rgb(12, 11, 11); font-size: 16px;\">\u201cBallerina\u201d (https:\/\/skfb.ly\/6RZDu) by narsis205 is licensed under Creative Commons Attribution-NonCommercial (http:\/\/creativecommons.org\/licenses\/by-nc\/4.0\/).<\/span><strong><\/strong><\/p>\t\t\t\t\t\t\t\t<\/div>\n\t\t\t\t<\/div>\n\t\t\t\t\t<\/div>\n\t\t\t\t<\/div>\n\t\t\t\t<\/div>","protected":false},"excerpt":{"rendered":"<p>Droits d&rsquo;Auteur Le contenu de ces pages est prot\u00e9g\u00e9 par le droit d&rsquo;auteur de Julia Gilroy. \u00c0 l&rsquo;exception des \u00e9l\u00e9ments [&hellip;]<\/p>\n","protected":false},"author":1,"featured_media":0,"parent":0,"menu_order":0,"comment_status":"closed","ping_status":"closed","template":"","meta":{"site-sidebar-layout":"no-sidebar","site-content-layout":"","ast-site-content-layout":"full-width-container","site-content-style":"default","site-sidebar-style":"default","ast-global-header-display":"","ast-banner-title-visibility":"","ast-main-header-display":"","ast-hfb-above-header-display":"","ast-hfb-below-header-display":"","ast-hfb-mobile-header-display":"","site-post-title":"disabled","ast-breadcrumbs-content":"","ast-featured-img":"disabled","footer-sml-layout":"","ast-disable-related-posts":"","theme-transparent-header-meta":"","adv-header-id-meta":"","stick-header-meta":"","header-above-stick-meta":"","header-main-stick-meta":"","header-below-stick-meta":"","astra-migrate-meta-layouts":"default","ast-page-background-enabled":"default","ast-page-background-meta":{"desktop":{"background-color":"var(--ast-global-color-5)","background-image":"","background-repeat":"repeat","background-position":"center center","background-size":"auto","background-attachment":"scroll","background-type":"","background-media":"","overlay-type":"","overlay-color":"","overlay-opacity":"","overlay-gradient":""},"tablet":{"background-color":"","background-image":"","background-repeat":"repeat","background-position":"center center","background-size":"auto","background-attachment":"scroll","background-type":"","background-media":"","overlay-type":"","overlay-color":"","overlay-opacity":"","overlay-gradient":""},"mobile":{"background-color":"","background-image":"","background-repeat":"repeat","background-position":"center center","background-size":"auto","background-attachment":"scroll","background-type":"","background-media":"","overlay-type":"","overlay-color":"","overlay-opacity":"","overlay-gradient":""}},"ast-content-background-meta":{"desktop":{"background-color":"var(--ast-global-color-4)","background-image":"","background-repeat":"repeat","background-position":"center center","background-size":"auto","background-attachment":"scroll","background-type":"","background-media":"","overlay-type":"","overlay-color":"","overlay-opacity":"","overlay-gradient":""},"tablet":{"background-color":"var(--ast-global-color-4)","background-image":"","background-repeat":"repeat","background-position":"center center","background-size":"auto","background-attachment":"scroll","background-type":"","background-media":"","overlay-type":"","overlay-color":"","overlay-opacity":"","overlay-gradient":""},"mobile":{"background-color":"var(--ast-global-color-4)","background-image":"","background-repeat":"repeat","background-position":"center center","background-size":"auto","background-attachment":"scroll","background-type":"","background-media":"","overlay-type":"","overlay-color":"","overlay-opacity":"","overlay-gradient":""}},"_joinchat":[],"footnotes":""},"class_list":["post-1506","page","type-page","status-publish","hentry"],"_links":{"self":[{"href":"https:\/\/mouvementenvie.fr\/en\/wp-json\/wp\/v2\/pages\/1506","targetHints":{"allow":["GET"]}}],"collection":[{"href":"https:\/\/mouvementenvie.fr\/en\/wp-json\/wp\/v2\/pages"}],"about":[{"href":"https:\/\/mouvementenvie.fr\/en\/wp-json\/wp\/v2\/types\/page"}],"author":[{"embeddable":true,"href":"https:\/\/mouvementenvie.fr\/en\/wp-json\/wp\/v2\/users\/1"}],"replies":[{"embeddable":true,"href":"https:\/\/mouvementenvie.fr\/en\/wp-json\/wp\/v2\/comments?post=1506"}],"version-history":[{"count":7,"href":"https:\/\/mouvementenvie.fr\/en\/wp-json\/wp\/v2\/pages\/1506\/revisions"}],"predecessor-version":[{"id":1533,"href":"https:\/\/mouvementenvie.fr\/en\/wp-json\/wp\/v2\/pages\/1506\/revisions\/1533"}],"wp:attachment":[{"href":"https:\/\/mouvementenvie.fr\/en\/wp-json\/wp\/v2\/media?parent=1506"}],"curies":[{"name":"wp","href":"https:\/\/api.w.org\/{rel}","templated":true}]}}